{"id":627,"date":"2020-07-31T06:01:01","date_gmt":"2020-07-31T06:01:01","guid":{"rendered":"https:\/\/zakrademos.com\/one-page\/?page_id=627"},"modified":"2023-02-04T17:49:44","modified_gmt":"2023-02-04T17:49:44","slug":"home","status":"publish","type":"page","link":"https:\/\/ziyagurel.com\/","title":{"rendered":"Ziya G\u00fcrel"},"content":{"rendered":"\t\t<div data-elementor-type=\"wp-post\" data-elementor-id=\"627\" class=\"elementor elementor-627\">\n\t\t\t\t\t\t<section class=\"elementor-section elementor-top-section elementor-element elementor-element-5efdf3b elementor-section-height-min-height elementor-section-items-top elementor-section-content-top elementor-section-full_width elementor-section-height-default\" data-id=\"5efdf3b\" data-element_type=\"section\" data-e-type=\"section\" id=\"about-section\">\n\t\t\t\t\t\t<div class=\"elementor-container elementor-column-gap-no\">\n\t\t\t\t\t<div class=\"elementor-column elementor-col-100 elementor-top-column elementor-element elementor-element-cdb5642\" data-id=\"cdb5642\" data-element_type=\"column\" data-e-type=\"column\">\n\t\t\t<div class=\"elementor-widget-wrap elementor-element-populated\">\n\t\t\t\t\t\t<section class=\"elementor-section elementor-inner-section elementor-element elementor-element-855e288 elementor-section-boxed elementor-section-height-default elementor-section-height-default\" data-id=\"855e288\" data-element_type=\"section\" data-e-type=\"section\">\n\t\t\t\t\t\t<div class=\"elementor-container elementor-column-gap-default\">\n\t\t\t\t\t<div class=\"elementor-column elementor-col-50 elementor-inner-column elementor-element elementor-element-ea923ba\" data-id=\"ea923ba\" data-element_type=\"column\" data-e-type=\"column\">\n\t\t\t<div class=\"elementor-widget-wrap elementor-element-populated\">\n\t\t\t\t\t\t<div class=\"elementor-element elementor-element-d727bb5 elementor-widget elementor-widget-image\" data-id=\"d727bb5\" data-element_type=\"widget\" data-e-type=\"widget\" data-widget_type=\"image.default\">\n\t\t\t\t<div class=\"elementor-widget-container\">\n\t\t\t\t\t\t\t\t\t\t\t\t\t\t\t<img fetchpriority=\"high\" decoding=\"async\" width=\"768\" height=\"818\" src=\"https:\/\/ziyagurel.com\/wp-content\/uploads\/2022\/12\/ZiyaGurel2022-12-19-768x818.jpeg\" class=\"attachment-medium_large size-medium_large wp-image-884\" alt=\"\" srcset=\"https:\/\/ziyagurel.com\/wp-content\/uploads\/2022\/12\/ZiyaGurel2022-12-19-768x818.jpeg 768w, https:\/\/ziyagurel.com\/wp-content\/uploads\/2022\/12\/ZiyaGurel2022-12-19-282x300.jpeg 282w, https:\/\/ziyagurel.com\/wp-content\/uploads\/2022\/12\/ZiyaGurel2022-12-19-962x1024.jpeg 962w, https:\/\/ziyagurel.com\/wp-content\/uploads\/2022\/12\/ZiyaGurel2022-12-19-330x350.jpeg 330w, https:\/\/ziyagurel.com\/wp-content\/uploads\/2022\/12\/ZiyaGurel2022-12-19-56x60.jpeg 56w, https:\/\/ziyagurel.com\/wp-content\/uploads\/2022\/12\/ZiyaGurel2022-12-19.jpeg 1191w\" sizes=\"(max-width: 768px) 100vw, 768px\" \/>\t\t\t\t\t\t\t\t\t\t\t\t\t\t\t<\/div>\n\t\t\t\t<\/div>\n\t\t\t\t\t<\/div>\n\t\t<\/div>\n\t\t\t\t<div class=\"elementor-column elementor-col-50 elementor-inner-column elementor-element elementor-element-c0894cd\" data-id=\"c0894cd\" data-element_type=\"column\" data-e-type=\"column\">\n\t\t\t<div class=\"elementor-widget-wrap elementor-element-populated\">\n\t\t\t\t\t\t<div class=\"elementor-element elementor-element-860110e elementor-widget elementor-widget-text-editor\" data-id=\"860110e\" data-element_type=\"widget\" data-e-type=\"widget\" data-widget_type=\"text-editor.default\">\n\t\t\t\t<div class=\"elementor-widget-container\">\n\t\t\t\t\t\t\t\t\t<p>Ressam Ziya G\u00fcrel 1947 y\u0131l\u0131nda S\u00f6ke\u2019de do\u011fdu. Yirmili ya\u015flar\u0131nda, \u0130stanbul \u00dcniversitesi Hukuk Fak\u00fcltesi&#8217;nde lisans\u0131n\u0131 tamamlarken, sevdi\u011fi ve heyecan duydu\u011fu resim sanat\u0131na odakland\u0131.<\/p><p><span style=\"color: var( --e-global-color-text ); font-family: var( --e-global-typography-text-font-family ), Sans-serif; font-weight: var( --e-global-typography-text-font-weight );\">\u00a0<\/span><\/p><p><span style=\"color: var( --e-global-color-text ); font-family: var( --e-global-typography-text-font-family ), Sans-serif; font-weight: var( --e-global-typography-text-font-weight );\">\u00a0Ege\u2019nin bereketli do\u011fas\u0131n\u0131n yans\u0131malar\u0131 ve \u00f6\u011frencili\u011finde ya\u015fad\u0131\u011f\u0131 \u0130stanbul&#8217;un bohem semtleri, erken d\u00f6nem resimlerini ve kariyerini b\u00fcy\u00fck \u00f6l\u00e7\u00fcde<\/span><span style=\"color: var( --e-global-color-text ); font-family: var( --e-global-typography-text-font-family ), Sans-serif; font-weight: var( --e-global-typography-text-font-weight );\">\u00a0etkiledi.<\/span><\/p>\t\t\t\t\t\t\t\t<\/div>\n\t\t\t\t<\/div>\n\t\t\t\t\t<\/div>\n\t\t<\/div>\n\t\t\t\t\t<\/div>\n\t\t<\/section>\n\t\t\t\t<section class=\"elementor-section elementor-inner-section elementor-element elementor-element-d4ac7a8 elementor-section-full_width elementor-section-height-default elementor-section-height-default\" data-id=\"d4ac7a8\" data-element_type=\"section\" data-e-type=\"section\">\n\t\t\t\t\t\t<div class=\"elementor-container elementor-column-gap-default\">\n\t\t\t\t\t<div class=\"elementor-column elementor-col-100 elementor-inner-column elementor-element elementor-element-a6534e5\" data-id=\"a6534e5\" data-element_type=\"column\" data-e-type=\"column\">\n\t\t\t<div class=\"elementor-widget-wrap elementor-element-populated\">\n\t\t\t\t\t\t<div class=\"elementor-element elementor-element-a170196 elementor-widget elementor-widget-text-editor\" data-id=\"a170196\" data-element_type=\"widget\" data-e-type=\"widget\" data-widget_type=\"text-editor.default\">\n\t\t\t\t<div class=\"elementor-widget-container\">\n\t\t\t\t\t\t\t\t\t<div>\n<p><span style=\"color: var( --e-global-color-text ); font-family: var( --e-global-typography-text-font-family ), Sans-serif; font-weight: var( --e-global-typography-text-font-weight );\">&nbsp;Son yirmi y\u0131ld\u0131r, betimlemelerden ar\u0131nan resmi, ger\u00e7e\u011fin \u00f6tesinde d\u00fc\u015fsel aray\u0131\u015flara y\u00f6neldi.<\/span><\/p>\n<p>&nbsp;Ziya G\u00fcrel\u2019in \u00e7al\u0131\u015fmalar\u0131; anlat\u0131m kurgusuna saplanmadan, d\u0131\u015favurum s\u00f6ylemleri \u00e7a\u011fr\u0131\u015ft\u0131rmadan; resmi t\u00fcm yal\u0131nl\u0131\u011f\u0131 ile kendi ba\u015f\u0131na bir dil olarak kullanmak \u00e7abas\u0131, olarak \u00f6zetlenebilir.<\/p>\n<p>&nbsp;G\u00f6rsel d\u00fc\u015f\u00fcnce ve plastik sanatlar konusundaki yaz\u0131lar\u0131, Adam Sanat, T\u00fcrkiye\u2019de Sanat , Sanat \u00c7evresi , Gen\u00e7 Sanat, Sky Life, Artist, Rh+Sanat, S\u00f6zc\u00fckler, Afrodisyas, Be\u015fparmak, Cumhuriyet-Kitap dergilerinde; Cumhuriyet gazetesinde yay\u0131mlanm\u0131\u015ft\u0131r ve yay\u0131mlanmaktad\u0131r. Resim dilinin yan\u0131nda, zaman zaman s\u00f6zc\u00fckleri kullanarak bi\u00e7imlendirme yoluna gidilmesi, G\u00fcrel\u2019e g\u00f6re; esip ge\u00e7en d\u00fc\u015f\u00fcnceye berrakl\u0131k kazand\u0131ran, belirsizlikleri netle\u015ftiren bir ayd\u0131nlanmad\u0131r.<\/p>\n<p>&nbsp;2020 y\u0131l\u0131nda &#8221;Kaypak Y\u00fczeyde &#8211; Sanat Bi\u00e7imlendirmesi \u00dcst\u00fcne D\u00fc\u015f\u00fcnmek&#8221; ve 2021 y\u0131l\u0131nda &#8221;Sessizli\u011fi Dinlerken&#8221; isimli kitaplar\u0131 yay\u0131mland\u0131.&nbsp;<\/p>\n<p>&nbsp;45 y\u0131l\u0131 a\u015fan sanat kariyerinde G\u00fcrel, T\u00fcrkiye, ABD, Bulgaristan, Pakistan ve L\u00fcbnan&#8217;da olmak \u00fczere toplam 34 ki\u015fisel sergi a\u00e7t\u0131 ve bir\u00e7ok karma sergiye kat\u0131ld\u0131.&nbsp;<\/p>\n<p>&nbsp;G\u00fcrel\u2019in yap\u0131tlar\u0131, T\u00fcrkiye, \u0130svi\u00e7re, \u0130ngiltere, Almanya, Bel\u00e7ika, ABD ve Meksika\u2019da \u00f6zel koleksiyonlarda; \u0130zmir Resim Heykel M\u00fczesi\u2019nin, \u0130lisulu Plastik Sanatlar Bilgi Bankas\u0131\u2019n\u0131n koleksiyonlar\u0131nda yer almaktad\u0131r.<\/p>\n<p><span style=\"color: rgb(51, 51, 51); font-family: &quot;Nunito Sans&quot;;\">\u201d<\/span><span style=\"box-sizing: inherit; font-weight: bolder; color: rgb(51, 51, 51); font-family: &quot;Nunito Sans&quot;;\">Ziya G\u00fcrel \u2013 Ya\u015fam\u0131 ve Yap\u0131tlar\u0131\u201d<\/span><span style=\"color: rgb(51, 51, 51); font-family: &quot;Nunito Sans&quot;;\">&nbsp;kitab\u0131&nbsp;<\/span><span style=\"box-sizing: inherit; font-weight: bolder; color: rgb(51, 51, 51); font-family: &quot;Nunito Sans&quot;;\">AKG<\/span><span style=\"font-weight: var( --e-global-typography-text-font-weight ); color: rgb(51, 51, 51); font-family: &quot;Nunito Sans&quot;;\">&nbsp;Grubunun Ressam yay\u0131nlar\u0131 aras\u0131nda&nbsp;<\/span><span style=\"color: rgb(51, 51, 51); font-family: &quot;Nunito Sans&quot;; font-weight: var( --e-global-typography-text-font-weight );\">yay\u0131mland\u0131.<\/span><\/p>\n<\/div>\t\t\t\t\t\t\t\t<\/div>\n\t\t\t\t<\/div>\n\t\t\t\t\t<\/div>\n\t\t<\/div>\n\t\t\t\t\t<\/div>\n\t\t<\/section>\n\t\t\t\t\t<\/div>\n\t\t<\/div>\n\t\t\t\t\t<\/div>\n\t\t<\/section>\n\t\t\t\t<section class=\"elementor-section elementor-top-section elementor-element elementor-element-bb47a08 elementor-section-boxed elementor-section-height-default elementor-section-height-default\" data-id=\"bb47a08\" data-element_type=\"section\" data-e-type=\"section\" id=\"our-team-section\" data-settings=\"{&quot;background_background&quot;:&quot;classic&quot;}\">\n\t\t\t\t\t\t<div class=\"elementor-container elementor-column-gap-default\">\n\t\t\t\t\t<div class=\"elementor-column elementor-col-100 elementor-top-column elementor-element elementor-element-39bc9b8\" data-id=\"39bc9b8\" data-element_type=\"column\" data-e-type=\"column\">\n\t\t\t<div class=\"elementor-widget-wrap elementor-element-populated\">\n\t\t\t\t\t\t<section class=\"elementor-section elementor-inner-section elementor-element elementor-element-93512e4 elementor-section-boxed elementor-section-height-default elementor-section-height-default\" data-id=\"93512e4\" data-element_type=\"section\" data-e-type=\"section\" data-settings=\"{&quot;background_background&quot;:&quot;classic&quot;}\">\n\t\t\t\t\t\t<div class=\"elementor-container elementor-column-gap-default\">\n\t\t\t\t\t<div class=\"elementor-column elementor-col-100 elementor-inner-column elementor-element elementor-element-ec07601\" data-id=\"ec07601\" data-element_type=\"column\" data-e-type=\"column\">\n\t\t\t<div class=\"elementor-widget-wrap elementor-element-populated\">\n\t\t\t\t\t\t<div class=\"elementor-element elementor-element-91d543e elementor-widget elementor-widget-heading\" data-id=\"91d543e\" data-element_type=\"widget\" data-e-type=\"widget\" data-widget_type=\"heading.default\">\n\t\t\t\t<div class=\"elementor-widget-container\">\n\t\t\t\t\t<h2 class=\"elementor-heading-title elementor-size-default\">Kitaplar\u0131<\/h2>\t\t\t\t<\/div>\n\t\t\t\t<\/div>\n\t\t\t\t<div class=\"elementor-element elementor-element-7ebf6c9 elementor-arrows-position-inside elementor-pagination-position-outside elementor-widget elementor-widget-image-carousel\" data-id=\"7ebf6c9\" data-element_type=\"widget\" data-e-type=\"widget\" data-settings=\"{&quot;navigation&quot;:&quot;both&quot;,&quot;autoplay&quot;:&quot;yes&quot;,&quot;pause_on_hover&quot;:&quot;yes&quot;,&quot;pause_on_interaction&quot;:&quot;yes&quot;,&quot;autoplay_speed&quot;:5000,&quot;infinite&quot;:&quot;yes&quot;,&quot;speed&quot;:500}\" data-widget_type=\"image-carousel.default\">\n\t\t\t\t<div class=\"elementor-widget-container\">\n\t\t\t\t\t\t\t<div class=\"elementor-image-carousel-wrapper swiper\" role=\"region\" aria-roledescription=\"carousel\" aria-label=\"Resim D\u00f6ng\u00fcs\u00fc\" dir=\"ltr\">\n\t\t\t<div class=\"elementor-image-carousel swiper-wrapper\" aria-live=\"off\">\n\t\t\t\t\t\t\t\t<div class=\"swiper-slide\" role=\"group\" aria-roledescription=\"slide\" aria-label=\"1 \/ 4\"><figure class=\"swiper-slide-inner\"><img decoding=\"async\" class=\"swiper-slide-image\" src=\"https:\/\/ziyagurel.com\/wp-content\/uploads\/2022\/10\/kitap1.jpg\" alt=\"Ya\u015fam\u0131 ve Eserleri\" \/><figcaption class=\"elementor-image-carousel-caption\">Ya\u015fam\u0131 ve Eserleri<\/figcaption><\/figure><\/div><div class=\"swiper-slide\" role=\"group\" aria-roledescription=\"slide\" aria-label=\"2 \/ 4\"><figure class=\"swiper-slide-inner\"><img decoding=\"async\" class=\"swiper-slide-image\" src=\"https:\/\/ziyagurel.com\/wp-content\/uploads\/2022\/10\/kitap2.jpg\" alt=\"Sessizli\u011fi Dinlerken\" \/><figcaption class=\"elementor-image-carousel-caption\">Sessizli\u011fi Dinlerken<\/figcaption><\/figure><\/div><div class=\"swiper-slide\" role=\"group\" aria-roledescription=\"slide\" aria-label=\"3 \/ 4\"><figure class=\"swiper-slide-inner\"><img decoding=\"async\" class=\"swiper-slide-image\" src=\"https:\/\/ziyagurel.com\/wp-content\/uploads\/2022\/10\/kaypak_yuzeyde-300x300.jpg\" alt=\"Kaypak Y\u00fczeyde\" \/><figcaption class=\"elementor-image-carousel-caption\">Kaypak Y\u00fczeyde<\/figcaption><\/figure><\/div><div class=\"swiper-slide\" role=\"group\" aria-roledescription=\"slide\" aria-label=\"4 \/ 4\"><figure class=\"swiper-slide-inner\"><img decoding=\"async\" class=\"swiper-slide-image\" src=\"https:\/\/ziyagurel.com\/wp-content\/uploads\/2022\/10\/ziya_gurel-300x300.jpg\" alt=\"Ge\u00e7mi\u015ften Gelece\u011fe\" \/><figcaption class=\"elementor-image-carousel-caption\">Ge\u00e7mi\u015ften Gelece\u011fe<\/figcaption><\/figure><\/div>\t\t\t<\/div>\n\t\t\t\t\t\t\t\t\t\t\t\t<div class=\"elementor-swiper-button elementor-swiper-button-prev\" role=\"button\" tabindex=\"0\">\n\t\t\t\t\t\t<i aria-hidden=\"true\" class=\"eicon-chevron-left\"><\/i>\t\t\t\t\t<\/div>\n\t\t\t\t\t<div class=\"elementor-swiper-button elementor-swiper-button-next\" role=\"button\" tabindex=\"0\">\n\t\t\t\t\t\t<i aria-hidden=\"true\" class=\"eicon-chevron-right\"><\/i>\t\t\t\t\t<\/div>\n\t\t\t\t\n\t\t\t\t\t\t\t\t\t<div class=\"swiper-pagination\"><\/div>\n\t\t\t\t\t\t\t\t\t<\/div>\n\t\t\t\t\t\t<\/div>\n\t\t\t\t<\/div>\n\t\t\t\t\t<\/div>\n\t\t<\/div>\n\t\t\t\t\t<\/div>\n\t\t<\/section>\n\t\t\t\t\t<\/div>\n\t\t<\/div>\n\t\t\t\t\t<\/div>\n\t\t<\/section>\n\t\t\t\t<section class=\"elementor-section elementor-top-section elementor-element elementor-element-6b49463 elementor-section-boxed elementor-section-height-default elementor-section-height-default\" data-id=\"6b49463\" data-element_type=\"section\" data-e-type=\"section\" id=\"testimonials-section\" data-settings=\"{&quot;background_background&quot;:&quot;classic&quot;}\">\n\t\t\t\t\t\t<div class=\"elementor-container elementor-column-gap-default\">\n\t\t\t\t\t<div class=\"elementor-column elementor-col-100 elementor-top-column elementor-element elementor-element-7a290af\" data-id=\"7a290af\" data-element_type=\"column\" data-e-type=\"column\" data-settings=\"{&quot;background_background&quot;:&quot;classic&quot;}\">\n\t\t\t<div class=\"elementor-widget-wrap\">\n\t\t\t\t\t\t\t<\/div>\n\t\t<\/div>\n\t\t\t\t\t<\/div>\n\t\t<\/section>\n\t\t\t\t<\/div>\n\t\t","protected":false},"excerpt":{"rendered":"<p>Ressam Ziya G\u00fcrel 1947 y\u0131l\u0131nda S\u00f6ke\u2019de do\u011fdu. Yirmili ya\u015flar\u0131nda, \u0130stanbul \u00dcniversitesi Hukuk Fak\u00fcltesi&#8217;nde lisans\u0131n\u0131 tamamlarken, sevdi\u011fi ve heyecan duydu\u011fu resim sanat\u0131na odakland\u0131. \u00a0 \u00a0Ege\u2019nin bereketli do\u011fas\u0131n\u0131n yans\u0131malar\u0131 ve \u00f6\u011frencili\u011finde ya\u015fad\u0131\u011f\u0131 \u0130stanbul&#8217;un bohem semtleri, erken d\u00f6nem resimlerini ve kariyerini b\u00fcy\u00fck \u00f6l\u00e7\u00fcde\u00a0etkiledi. &nbsp;Son yirmi y\u0131ld\u0131r, betimlemelerden ar\u0131nan resmi, ger\u00e7e\u011fin \u00f6tesinde d\u00fc\u015fsel aray\u0131\u015flara y\u00f6neldi. &nbsp;Ziya G\u00fcrel\u2019in \u00e7al\u0131\u015fmalar\u0131; anlat\u0131m kurgusuna saplanmadan, d\u0131\u015favurum s\u00f6ylemleri \u00e7a\u011fr\u0131\u015ft\u0131rmadan; resmi t\u00fcm yal\u0131nl\u0131\u011f\u0131 ile kendi ba\u015f\u0131na bir dil olarak kullanmak \u00e7abas\u0131, olarak \u00f6zetlenebilir. &nbsp;G\u00f6rsel d\u00fc\u015f\u00fcnce ve plastik sanatlar konusundaki yaz\u0131lar\u0131, Adam Sanat, T\u00fcrkiye\u2019de Sanat , Sanat \u00c7evresi , Gen\u00e7 Sanat, Sky Life, Artist, Rh+Sanat, S\u00f6zc\u00fckler, Afrodisyas, Be\u015fparmak, Cumhuriyet-Kitap dergilerinde; Cumhuriyet &hellip; <\/p>\n","protected":false},"author":1,"featured_media":0,"parent":0,"menu_order":0,"comment_status":"closed","ping_status":"closed","template":"","meta":{"_monsterinsights_skip_tracking":false,"_monsterinsights_sitenote_active":false,"_monsterinsights_sitenote_note":"","_monsterinsights_sitenote_category":0,"footnotes":""},"class_list":["post-627","page","type-page","status-publish","hentry"],"_links":{"self":[{"href":"https:\/\/ziyagurel.com\/index.php\/wp-json\/wp\/v2\/pages\/627","targetHints":{"allow":["GET"]}}],"collection":[{"href":"https:\/\/ziyagurel.com\/index.php\/wp-json\/wp\/v2\/pages"}],"about":[{"href":"https:\/\/ziyagurel.com\/index.php\/wp-json\/wp\/v2\/types\/page"}],"author":[{"embeddable":true,"href":"https:\/\/ziyagurel.com\/index.php\/wp-json\/wp\/v2\/users\/1"}],"replies":[{"embeddable":true,"href":"https:\/\/ziyagurel.com\/index.php\/wp-json\/wp\/v2\/comments?post=627"}],"version-history":[{"count":153,"href":"https:\/\/ziyagurel.com\/index.php\/wp-json\/wp\/v2\/pages\/627\/revisions"}],"predecessor-version":[{"id":1147,"href":"https:\/\/ziyagurel.com\/index.php\/wp-json\/wp\/v2\/pages\/627\/revisions\/1147"}],"wp:attachment":[{"href":"https:\/\/ziyagurel.com\/index.php\/wp-json\/wp\/v2\/media?parent=627"}],"curies":[{"name":"wp","href":"https:\/\/api.w.org\/{rel}","templated":true}]}}