{"id":909,"date":"2022-12-20T04:14:27","date_gmt":"2022-12-20T04:14:27","guid":{"rendered":"https:\/\/ziyagurel.com\/?page_id=909"},"modified":"2023-01-06T03:00:58","modified_gmt":"2023-01-06T03:00:58","slug":"sergileri","status":"publish","type":"page","link":"https:\/\/ziyagurel.com\/index.php\/sergileri\/","title":{"rendered":"SERG\u0130LER\u0130"},"content":{"rendered":"<p>Ziya G\u00fcrel, 45 y\u0131l\u0131 a\u015fan sanat kariyerinde, T\u00fcrkiye, ABD, Bulgaristan, Pakistan ve L\u00fcbnan\u2019da olmak \u00fczere toplam 34 ki\u015fisel sergi a\u00e7t\u0131 ve bir\u00e7ok karma sergiye kat\u0131ld\u0131.<\/p>\n<p>G\u00fcrel\u2019in yap\u0131tlar\u0131, T\u00fcrkiye, \u0130svi\u00e7re , \u0130ngiltere, Almanya, Bel\u00e7ika, ABD ve Meksika\u2019da \u00f6zel koleksiyonlarda; \u0130zmir Resim Heykel M\u00fczesi\u2019nin, \u0130lisulu Plastik Sanatlar Bilgi Bankas\u0131\u2019n\u0131n koleksiyonlar\u0131nda yer almaktad\u0131r.<\/p>\n<p class=\"p1\"><b>Ziya G\u00fcrel&#8217;in Ki\u015fisel Sergileri:<\/b><\/p>\n<p class=\"p1\">1- Ayd\u0131n Devlet G\u00fczel Sanatlar Galerisi, 1986<\/p>\n<p class=\"p1\">2- \u015eark Sigorta Sanat Galerisi, Ankara, 1988<span class=\"Apple-converted-space\">\u00a0 \u00a0 \u00a0 \u00a0 \u00a0 \u00a0<\/span><\/p>\n<p class=\"p1\">3- Dizayn Sanat Galerisi, \u0130stanbul, 1988<\/p>\n<p class=\"p1\">4- F\u00fczen Sanat Galerisi, \u0130zmir, 1989<\/p>\n<p class=\"p1\">5- \u0130zmir Hilton, 1992<\/p>\n<p class=\"p1\">6- Nar Sanat Galerisi, Didim, 1993<span class=\"Apple-converted-space\">\u00a0 \u00a0 \u00a0<\/span><\/p>\n<p class=\"p1\">7- Resim Heykel M\u00fczesi Sanat Galerisi, \u0130zmir, 1994<\/p>\n<p class=\"p1\">8- Magnesia<span class=\"Apple-converted-space\">\u00a0 <\/span>Sanat<span class=\"Apple-converted-space\">\u00a0 <\/span>Galerisi, S\u00f6ke, 1994<\/p>\n<p class=\"p1\">9- Selvin Sanat Galerisi,<span class=\"Apple-converted-space\">\u00a0<\/span>Ankara, 1995<\/p>\n<p class=\"p1\">10- Rotary Sanat Galerisi<span class=\"Apple-converted-space\">, <\/span>\u0130zmir, 1996<\/p>\n<p class=\"p1\">11- ODT\u00dc Parlar Vakf\u0131 Sanat Galerisi, Ankara, 1997<\/p>\n<p class=\"p1\">12- Magnesia Sanat Galerisi, &#8216;Bi\u00e7imlendirmenin Sonsuzlu\u011fu (1986-1997) S\u00f6ke-1997<\/p>\n<p class=\"p1\">13- Hobi Sanat Galerisi, &#8216;Bi\u00e7imlendirmenin Sonsuzlu\u011fu&#8217; (1994-1998) \u0130stanbul-1998<\/p>\n<p class=\"p1\">14- Sel\u00e7uk Ya\u015far Sanat Galerisi, 1998<\/p>\n<p class=\"p1\">15- Kuyda\u015f Sanat Galerisi&#8221;Bi\u00e7imlendirmenin sonsuzlu\u011fu,1995-1998, &#8220;Ku\u015fadas\u0131, 1998<\/p>\n<p class=\"p1\">16- Armoni Sanat Galerisi &#8220;<b>Maskeler ve Paravanlar&#8221;, <\/b>Ankara, 1998<\/p>\n<p class=\"p1\">17- Sevgi Sanat Galerisi, Ankara, 1999<\/p>\n<p class=\"p1\">18- Didim Sanat Galerisi, &#8220;Bir \u0130mgeyi \u00e7o\u011faltmak&#8221;, 1999<\/p>\n<p class=\"p1\">19- Ba\u015fak Sigorta Sanat Galerisi, \u0130zmir, 2000<\/p>\n<p class=\"p1\">20- Magnesia Sanat Galerisi, S\u00f6ke, 2001<b> <\/b><\/p>\n<p class=\"p1\">21- Artshop Sanat Galerisi, \u0130zmir \u201dBir Konum \u0130rdelemesi\u201d, 2002-2003<b> <span class=\"Apple-converted-space\">\u00a0 \u00a0 \u00a0 \u00a0 \u00a0<\/span><\/b><\/p>\n<p class=\"p1\">22- Magnesia Sanat Galerisi, 2005- 2008-2009<\/p>\n<p class=\"p1\">23- Setur Marina Sanat Galerisi<span class=\"Apple-converted-space\">\u00a0 <\/span>\u201cMare Nosturum\u201d, Ku\u015fadas\u0131,<span class=\"Apple-converted-space\">\u00a0<\/span>2009<\/p>\n<p class=\"p1\">24- Ege \u00dcniversitesi Meslek Y\u00fcksek Okulu Sanat Galerisi, \u201dResimleri, Terracottalar\u0131\u201d Sergisi, 2009-2010<\/p>\n<p class=\"p1\">25- Efes M\u00fczesi Sanat Galerisi, \u201dResimleri ve Seramikleri Sergisi\u201d, Sel\u00e7uk,<span class=\"Apple-converted-space\">\u00a0<\/span>2010<b> <\/b><\/p>\n<p class=\"p1\">26- \u0130bramaki Sanat Galerisi, Ege\u2019ye Yelken A\u00e7mak\u201d, Ku\u015fadas\u0131, 2011<\/p>\n<p class=\"p1\">27- S\u00f6ke Sanat ve Edebiyat G\u00fcnleri kapsam\u0131nda Ziya G\u00fcrel Resim ve Terracottalar\u0131, Bedesten, 2011<\/p>\n<p class=\"p1\">28-<b> <\/b>Kured Sanatevi, Ku\u015fadas\u0131, 2012<span class=\"s1\"><b>\u00a0<\/b><\/span><\/p>\n<p class=\"p1\">29- Decozone Sanat Galerisi, \u0130zmir, 2014<\/p>\n<p class=\"p1\">30- Ayd\u0131n Halk Kitapl\u0131\u011f\u0131-\u201c\u0130mgenin B\u00fct\u00fcnl\u00fc\u011f\u00fc\u201d- Resim Sergisi-\u201cSanat\u0131n Kurgusu \u201dS\u00f6yle\u015fi, 2015<\/p>\n<p class=\"p1\">31- CAR\u0130NA Sanat Galerisi- Resim ve Pi\u015fmi\u015f Toprak \u0130doller Sergisi, Ku\u015fadas\u0131, 2016<\/p>\n<p class=\"p1\">32- Amerika Birle<span class=\"s1\">\u015f<\/span>ik Devletleri, Washington DC,\u00a0 Chevy Chase Sanat Galerisi, <span class=\"s1\">\u201c<\/span>UN-REAL-ITY<span class=\"s1\">\u201d,<\/span>\u00a02018<\/p>\n<p class=\"p1\">34- Amerika Birle<span class=\"s1\">\u015f<\/span>ik Devletleri, Maryland, Annapolis Belediye Galerisi, &#8221;Istanbul and Beyond&#8221;, 2019<\/p>\n<p>&nbsp;<\/p>\n<p class=\"p3\"><strong>Ziya G\u00fcrel&#8217;in Kat\u0131ld\u0131\u011f\u0131 Karma Sergiler<\/strong><\/p>\n<p class=\"p1\">1- Ku\u015fadas\u0131 K\u00fclt\u00fcr ve sanat festivali sergisi, 1984<\/p>\n<p class=\"p1\">3- \u0130stanbul Jokey Kul\u00fcb\u00fc yar\u0131\u015fma sergisi, \u0130stanbul, 1990<\/p>\n<p class=\"p1\">4- Leonardo Sanat Galerisi 15.y\u0131l Karma resim Sergisi, 1990<\/p>\n<p class=\"p1\">5- Mazhar Sanat Galerisi \u0130zmir&#8217;li Sanat\u00e7\u0131lar Karma resim sergisi, 1993<\/p>\n<p class=\"p1\">6- Magnesia Sanat galerisi a\u00e7\u0131l\u0131\u015f karma resim sergisi, S\u00f6ke, 1993 <span class=\"Apple-converted-space\">\u00a0 \u00a0<\/span><span class=\"Apple-converted-space\">\u00a0 \u00a0 \u00a0 \u00a0 \u00a0 \u00a0 \u00a0 \u00a0 \u00a0 \u00a0 \u00a0 \u00a0 \u00a0 \u00a0 \u00a0 \u00a0 \u00a0 \u00a0\u00a0<\/span><\/p>\n<p class=\"p1\">7- Didim Sanat Galerisi<span class=\"Apple-converted-space\"> K<\/span>arma Sergi, 1994 <span class=\"Apple-converted-space\">\u00a0 \u00a0 \u00a0 \u00a0 \u00a0 \u00a0<\/span><\/p>\n<p class=\"p1\">8- Almelek Sanat Galerisi, \u0130stanbul, 1995<\/p>\n<p class=\"p1\">9- \u00dcmit Ya\u015far Sanat Galerisi Karma Sergi, \u0130stanbul, 1995<\/p>\n<p class=\"p1\">10- K\u00fcksad Sanat galerisi , Magnesia Karma sergisi, Ku\u015fadas\u0131, 1996<\/p>\n<p class=\"p1\">11- Galeri SZ, Karma sergi, \u0130stanbul, 1997<\/p>\n<p class=\"p1\">12- Leonardo Sanat Galerisi Karma Sergisi, 1997<\/p>\n<p class=\"p1\">13- &#8221;T\u00fcrk Ressamlar\u0131ndan Bir Kesit&#8221; (Ya\u015far Ali, F. S\u00fcmer, Z.G\u00fcrel) Bulgaristan\/Sofya-1997<\/p>\n<p class=\"p1\">14- Didim Sanat Galerisi, Ersoy koleksiyonu sergisi, 1998<\/p>\n<p class=\"p1\">15- Kuyda\u015f Sanat Galerisi, &#8220;Oradakiler ve buradakiler&#8221;; Ku\u015fadas\u0131&#8217;nda resmedenler\u201d Karma sergi-1999 <span class=\"Apple-converted-space\">\u00a0 \u00a0 \u00a0 \u00a0 \u00a0 \u00a0 \u00a0 \u00a0 \u00a0 \u00a0 \u00a0 \u00a0 \u00a0 \u00a0<\/span><\/p>\n<p class=\"p1\">16- Ayd\u0131n, Denizli Devlet G\u00fczel Sanatlar galerilerinde Ege&#8217;li ressamlar sergileri, 1999<span class=\"Apple-converted-space\">\u00a0 \u00a0 \u00a0<\/span><\/p>\n<p class=\"p1\"><span class=\"Apple-converted-space\">17<\/span>&#8211; Aditya, a\u00e7\u0131l\u0131\u015f karma sergisi, \u0130zmir, 2000<\/p>\n<p class=\"p1\">18- Balkan \u00fclkeleri ressamlar\u0131yla bulu\u015fma, Sempozyum-2000, Y.Ali G\u00fcne\u015f at\u00f6lyesi, \u0130zmir<\/p>\n<p class=\"p1\">19- Kuyda\u015f Sanat Galerisi, Sempozyum, 2000 Ku\u015fadas\u0131 sergisi, 2000<\/p>\n<p class=\"p1\">20- Art-Shop, karma d\u00fczenlemeleri 1998-2000, \u0130zmir<\/p>\n<p class=\"p1\">21- Ayd\u0131n Devlet G\u00fczel Sanatlar alerisi, karma sergi, 2002<\/p>\n<p class=\"p1\">22- \u00c7at\u0131 Sanat Galerisi, \u201dKa\u011f\u0131t \u00fcst\u00fcne resimler\u201d sergisi, Ala\u00e7at\u0131, 2003 <span class=\"Apple-converted-space\">\u00a0 \u00a0 \u00a0 \u00a0 \u00a0 \u00a0 \u00a0 \u00a0 \u00a0 \u00a0 \u00a0 \u00a0 \u00a0 \u00a0 \u00a0 \u00a0 \u00a0 \u00a0 \u00a0 \u00a0 <\/span><\/p>\n<p class=\"p1\">23- G\u00f6z\u00fcb\u00fcy\u00fck Sanat Galerisi, Hakan Esmer, Muammer Durmu\u015f\u2019la karma sergi, Ankara, 2003<\/p>\n<p class=\"p1\">24- \u00c7at\u0131 Sanat Galerisi, \u0130zmir Ala\u00e7at\u0131, 2005-2009<\/p>\n<p class=\"p1\">25-<span class=\"Apple-converted-space\">\u00a0 <\/span>Modern Sanatlar Sanat Galerisi \u201c Egeli Ustalar\u2019\u0131n Resimleri-Yontular\u0131 Sergisi-\u0130stanbul, 2009<span class=\"Apple-converted-space\">\u00a0 \u00a0 <\/span><b><span class=\"Apple-converted-space\">\u00a0 \u00a0 \u00a0<\/span><\/b><\/p>\n<p class=\"p1\">26- Egeli Ressamlar<b>\u2019<\/b>dan \u00c7a\u011fda\u015f Sanat ve K\u00fclt\u00fcr Merkezi, Ankara, 2010<\/p>\n<p class=\"p1\">27- Magnesia Sanat Grubu Resim Sergisi, Efes M\u00fczesi<span class=\"Apple-converted-space\">\u00a0 <\/span>H. \u00c7a\u011flar S. Galerisi, Sel\u00e7uk, 2010<\/p>\n<p class=\"p1\">28- Adem Gen\u00e7\u2019ten Ziya G\u00fcrel\u2019e karma sergi-Artshop d\u00fczenlemesi, Decozone<span class=\"s1\"><b><span class=\"Apple-converted-space\">\u00a0 <\/span><\/b><\/span>\u0130zmir,<span class=\"Apple-converted-space\">\u00a0<\/span>2012<\/p>\n<p class=\"p1\">29- GT Art and \u0130nteriors-Sanat Galerisi, Karma Sergi, 2016<\/p>\n","protected":false},"excerpt":{"rendered":"<p>Ziya G\u00fcrel, 45 y\u0131l\u0131 a\u015fan sanat kariyerinde, T\u00fcrkiye, ABD, Bulgaristan, Pakistan ve L\u00fcbnan\u2019da olmak \u00fczere toplam 34 ki\u015fisel sergi a\u00e7t\u0131 ve bir\u00e7ok karma sergiye kat\u0131ld\u0131. G\u00fcrel\u2019in yap\u0131tlar\u0131, T\u00fcrkiye, \u0130svi\u00e7re , \u0130ngiltere, Almanya, Bel\u00e7ika, ABD ve Meksika\u2019da \u00f6zel koleksiyonlarda; \u0130zmir Resim Heykel M\u00fczesi\u2019nin, \u0130lisulu Plastik Sanatlar Bilgi Bankas\u0131\u2019n\u0131n koleksiyonlar\u0131nda yer almaktad\u0131r. Ziya G\u00fcrel&#8217;in Ki\u015fisel Sergileri: 1- Ayd\u0131n Devlet G\u00fczel Sanatlar Galerisi, 1986 2- \u015eark Sigorta Sanat Galerisi, Ankara, 1988\u00a0 \u00a0 \u00a0 \u00a0 \u00a0 \u00a0 3- Dizayn Sanat Galerisi, \u0130stanbul, 1988 4- F\u00fczen Sanat Galerisi, \u0130zmir, 1989 5- \u0130zmir Hilton, 1992 6- Nar Sanat Galerisi, Didim, 1993\u00a0 \u00a0 \u00a0 7- Resim Heykel &hellip; <\/p>\n","protected":false},"author":1,"featured_media":1029,"parent":0,"menu_order":0,"comment_status":"closed","ping_status":"closed","template":"","meta":{"_monsterinsights_skip_tracking":false,"_monsterinsights_sitenote_active":false,"_monsterinsights_sitenote_note":"","_monsterinsights_sitenote_category":0,"footnotes":""},"class_list":["post-909","page","type-page","status-publish","has-post-thumbnail","hentry"],"_links":{"self":[{"href":"https:\/\/ziyagurel.com\/index.php\/wp-json\/wp\/v2\/pages\/909","targetHints":{"allow":["GET"]}}],"collection":[{"href":"https:\/\/ziyagurel.com\/index.php\/wp-json\/wp\/v2\/pages"}],"about":[{"href":"https:\/\/ziyagurel.com\/index.php\/wp-json\/wp\/v2\/types\/page"}],"author":[{"embeddable":true,"href":"https:\/\/ziyagurel.com\/index.php\/wp-json\/wp\/v2\/users\/1"}],"replies":[{"embeddable":true,"href":"https:\/\/ziyagurel.com\/index.php\/wp-json\/wp\/v2\/comments?post=909"}],"version-history":[{"count":13,"href":"https:\/\/ziyagurel.com\/index.php\/wp-json\/wp\/v2\/pages\/909\/revisions"}],"predecessor-version":[{"id":1035,"href":"https:\/\/ziyagurel.com\/index.php\/wp-json\/wp\/v2\/pages\/909\/revisions\/1035"}],"wp:featuredmedia":[{"embeddable":true,"href":"https:\/\/ziyagurel.com\/index.php\/wp-json\/wp\/v2\/media\/1029"}],"wp:attachment":[{"href":"https:\/\/ziyagurel.com\/index.php\/wp-json\/wp\/v2\/media?parent=909"}],"curies":[{"name":"wp","href":"https:\/\/api.w.org\/{rel}","templated":true}]}}