{"id":913,"date":"2022-12-20T04:20:47","date_gmt":"2022-12-20T04:20:47","guid":{"rendered":"https:\/\/ziyagurel.com\/?page_id=913"},"modified":"2022-12-20T04:41:15","modified_gmt":"2022-12-20T04:41:15","slug":"basinda","status":"publish","type":"page","link":"https:\/\/ziyagurel.com\/index.php\/basinda\/","title":{"rendered":"BASINDA"},"content":{"rendered":"<h3>S\u00f6zc\u00fc<\/h3>\n<h4>Kurumlar \u00e7\u00f6kertiliyor, kural d\u0131\u015f\u0131l\u0131k kan\u0131ksan\u0131yor, ya\u015fam elimizden gidiyor<\/h4>\n<h5>D\u00fcnyaca \u00fcnl\u00fc resim ve heykel sanat\u00e7\u0131m\u0131z Ziya G\u00fcrel, k\u00fcresel salg\u0131ndan 2 y\u0131l \u00f6nce \u201cHi\u00e7bir \u015fey eskisi gibi olmayacak\u201d duygusu ile tan\u0131\u015ft\u0131\u011f\u0131n\u0131 kaydetti. \u201cUygarl\u0131k yolunda edindi\u011fimiz, toplumca payla\u015ft\u0131\u011f\u0131m\u0131z her \u015fey, elimizden gidiyor\u201d dedi.<\/h5>\n<div class=\"content-meta author-img _1x1\">\n<p><span class=\"img-holder me-2\"><img decoding=\"async\" src=\"https:\/\/i01.sozcucdn.com\/wp-content\/themes\/Sozcu_V4\/assets\/images\/hayat\/latif-sansur.jpg?ver=7.7.9.4\" alt=\"\" \/><\/span><\/p>\n<div class=\"content-meta-info\">\n<div class=\"content-meta-name\">LAT\u0130F SANS\u00dcR<\/div>\n<div class=\"content-meta-dates\"><span class=\"content-meta-date\">09 May\u0131s 2021\u00a0<\/span><\/div>\n<\/div>\n<\/div>\n<div class=\"main-img _16x9\">\n<div class=\"img-holder\"><img fetchpriority=\"high\" decoding=\"async\" class=\"alignright\" src=\"https:\/\/i.sozcucdn.com\/wp-content\/uploads\/2021\/05\/08\/iecrop\/hs10ressam1_16_9_1620441158.jpg?w=776&amp;h=436&amp;mode=crop\" alt=\"Kurumlar \u00e7\u00f6kertiliyor, kural d\u0131\u015f\u0131l\u0131k kan\u0131ksan\u0131yor, ya\u015fam elimizden gidiyor\" width=\"399\" height=\"224\" \/><\/div>\n<\/div>\n<div class=\"content-inner-ad\">\n<div class=\"sozcu_content_area_load1-container dfp-container w-100\">\n<div id=\"sozcu_content_area_load1\"><\/div>\n<\/div>\n<\/div>\n<p>Ziya G\u00fcrel, \u00e7ok y\u00f6nl\u00fc bir sanat\u00e7\u0131\u2026 Ayd\u0131n Ku\u015fadas\u0131&#8217;ndaki at\u00f6lyesinde yaz\u0131n seramik ve resim \u00e7al\u0131\u015fmalar\u0131n\u0131 s\u00fcrd\u00fcr\u00fcyor, g\u00f6rsel d\u00fc\u015f\u00fcnce ve plastik sanatlar konusundaki denemeleri, \u00f6yk\u00fcleri, gezi notlar\u0131 T\u00fcrkiye&#8217;nin \u00f6nde gelen sanat dergilerinde, gazetelerinde yay\u0131mlan\u0131yor.<\/p>\n<p>&nbsp;<\/p>\n<p>G\u00fcrel, 32 ki\u015fisel sergi a\u00e7t\u0131, 38 karma sergi ve etkinli\u011fe kat\u0131ld\u0131. Yap\u0131tlar\u0131 \u00fclkemizde, \u0130svi\u00e7re,\u00a0<a class=\"internal\" href=\"https:\/\/www.sozcu.com.tr\/haberleri\/ingiltere\/?utm_source=anchortext&amp;utm_medium=free&amp;utm_campaign=ingiltere\" target=\"_blank\" rel=\"noopener\">\u0130ngiltere<\/a>, Almanya, Bel\u00e7ika, <a class=\"internal\" href=\"https:\/\/www.sozcu.com.tr\/haberleri\/abd\/?utm_source=anchortext&amp;utm_medium=free&amp;utm_campaign=abd\" target=\"_blank\" rel=\"noopener\">ABD<\/a> ve Meksika&#8217;da \u00f6zel koleksiyonlarda; \u0130zmir Resim Heykel M\u00fczesi&#8217;nin, \u0130lisulu Plastik Sanatlar Bilgi Bankas\u0131&#8217;n\u0131n koleksiyonlar\u0131nda \u00a0yer ald\u0131. Pandemi d\u00f6neminde \u201cKaypak Y\u00fczeyde; \u00a0Sanat bi\u00e7imlendirmesi \u00fcst\u00fcne d\u00fc\u015f\u00fcnmek\u201d ve \u201cSessizli\u011fi Dinlerken\u201d kitaplar\u0131 yay\u0131mland\u0131.<\/p>\n<p><img decoding=\"async\" class=\"zoomIt alignleft\" src=\"https:\/\/i01.sozcucdn.com\/wp-content\/uploads\/2021\/05\/08\/hs10ressam2.jpg\" alt=\"\" width=\"483\" height=\"310\" \/><\/p>\n<p>K\u00fcresel salg\u0131ndan iki y\u0131l \u00f6nce \u201cHi\u00e7bir \u015fey eskisi gibi olmayacak\u201d duygusuyla tan\u0131\u015ft\u0131\u011f\u0131n\u0131 s\u00f6yleyen G\u00fcrel, \u201cKurumlar \u00e7\u00f6kertiliyor, yayg\u0131nla\u015fan kural d\u0131\u015f\u0131l\u0131k kan\u0131ksan\u0131yor, uygarl\u0131k yolunda edinilmi\u015f ve toplumca payla\u015ft\u0131\u011f\u0131m\u0131z her \u015fey, elimizden kay\u0131p giden ya\u015fam, yeni yeti\u015fen gen\u00e7 ku\u015fa\u011f\u0131 da burgac\u0131na alarak yoklu\u011fa s\u00fcr\u00fckl\u00fcyordu. Geriye kalan anlams\u0131z bir esintiydi\u201d ifadelerini kulland\u0131.<\/p>\n<p id=\"attachment_6419855\" class=\"wp-caption alignnone\">Ziya G\u00fcrel&#8217;in eserleri, T\u00fcrkiye&#8217;nin yan\u0131 s\u0131ra \u0130svi\u00e7re, \u0130ngiltere, Almanya, Bel\u00e7ika, ABD ve Meksika&#8217;da \u00f6zel koleksiyonlarda yer al\u0131yor.<\/p>\n<p>&nbsp;<\/p>\n<h4 class=\"wp-caption alignnone\">Bu s\u00fcre\u00e7te 65 ya\u015f \u00fczeri diye damgalanmak g\u00fcc\u00fcme gidiyor<\/h4>\n<p>Resim, heykel, denemeler, \u00f6yk\u00fcler ve son olarak pandemi s\u00fcrecinde ortaya \u00e7\u0131kan iki kitab\u0131n\u0131 sordu\u011fumuz Ziya G\u00fcrel, \u015funlar\u0131 s\u00f6yledi;<\/p>\n<figure style=\"width: 437px\" class=\"wp-caption alignleft\"><img decoding=\"async\" class=\"zoomIt\" src=\"https:\/\/i01.sozcucdn.com\/wp-content\/uploads\/2021\/05\/08\/hs10ressam5.jpg\" alt=\"\" width=\"437\" height=\"281\" \/><figcaption class=\"wp-caption-text\">Ziya G\u00fcrel&#8217;in seramik ve terracota \u00e7al\u0131\u015fmalar\u0131.<\/figcaption><\/figure>\n<p>\u201cSalg\u0131n yasaklar\u0131n\u0131n kapat\u0131lm\u0131\u015fl\u0131\u011f\u0131 alt\u0131nda k\u0131sa \u00f6yk\u00fclerimi de ele ald\u0131m. 2021&#8217;in ocak ay\u0131nda \u2018Sessizli\u011fi Dinlerken&#8217; S\u00f6zc\u00fckler Yay\u0131nevi taraf\u0131ndan yay\u0131mland\u0131. \u015eimdi s\u0131rada, bug\u00fcn bile uyan\u0131nca unuturum korkusuyla iki uyku aras\u0131nda notlar\u0131n\u0131 ba\u015fucumdaki defterime karalad\u0131\u011f\u0131m \u2018D\u00fc\u015fler Kitab\u0131 ve D\u00fc\u015f Gibi Gezilerimin Notlar\u0131&#8217; var.\u00a0D\u00fc\u015flerimin ilerleyen ya\u015f\u0131ma kar\u015f\u0131n yakam\u0131 b\u0131rakmamas\u0131 beni sevindiriyor.\u201d<\/p>\n<p><img loading=\"lazy\" decoding=\"async\" class=\"zoomIt alignright\" src=\"https:\/\/i01.sozcucdn.com\/wp-content\/uploads\/2021\/05\/08\/hs10ressam6.jpg\" alt=\"\" width=\"432\" height=\"324\" \/><\/p>\n<p>74 ya\u015f\u0131ndaki G\u00fcrel, bir y\u0131l\u0131 geride b\u0131rakan k\u00fcresel koronavir\u00fcs s\u00fcrecinde, T\u00fcrkiye&#8217;de 65 ya\u015f \u00fczeri vatanda\u015flara uygulanan yasaklardan muzdarip.<\/p>\n<div id=\"attachment_6419858\" class=\"wp-caption alignnone\">\n<p id=\"caption-attachment-6419858\" class=\"wp-caption-text\">\n<\/div>\n<p>Kendisini en \u00e7ok \u00fczenin 65 ya\u015f \u00fcst\u00fcne y\u00f6nelik uygulamalar oldu\u011funu belirterek \u201dAsl\u0131nda, \u2018altm\u0131\u015f be\u015f ya\u015f \u00fcst\u00fc&#8217; diye damgalanarak yal\u0131t\u0131lm\u0131\u015f bir hale yazg\u0131l\u0131 k\u0131l\u0131nmak, aynen son askerlik yoklamamda, dosyam\u0131n \u00fcst\u00fcne vurulan \u2018\u00c7a\u011f D\u0131\u015f\u0131&#8217; m\u00fchr\u00fc kadar g\u00fcc\u00fcme gidiyor\u201d dedi.<\/p>\n<p>&nbsp;<\/p>\n<p>Haberin tamam\u0131 i\u00e7in <strong><a href=\"https:\/\/www.sozcu.com.tr\/hayatim\/yasam-haberleri\/kurumlar-cokertiliyor-kural-disilik-kaniksaniyor-yasam-elimizden-gidiyor\/\">t\u0131klay\u0131n<\/a><\/strong>.<\/p>\n<p>&nbsp;<\/p>\n<h3><span class=\"dateline\">Voice of America<\/span><\/h3>\n<p>02 May\u0131s 2019<\/p>\n<h3 class=\"title pg-title\">T\u00fcrk Ressamdan T\u00fcrkiye Dostu Amerikal\u0131 Gazeteci An\u0131s\u0131na Sergi<\/h3>\n<p><img loading=\"lazy\" decoding=\"async\" class=\" wp-image-919 alignleft\" src=\"https:\/\/ziyagurel.com\/wp-content\/uploads\/2022\/12\/Copy-of-Postcard_Art-Event_frontHighRes-300x213.jpg\" alt=\"\" width=\"413\" height=\"293\" srcset=\"https:\/\/ziyagurel.com\/wp-content\/uploads\/2022\/12\/Copy-of-Postcard_Art-Event_frontHighRes-300x213.jpg 300w, https:\/\/ziyagurel.com\/wp-content\/uploads\/2022\/12\/Copy-of-Postcard_Art-Event_frontHighRes-1024x727.jpg 1024w, https:\/\/ziyagurel.com\/wp-content\/uploads\/2022\/12\/Copy-of-Postcard_Art-Event_frontHighRes-768x545.jpg 768w, https:\/\/ziyagurel.com\/wp-content\/uploads\/2022\/12\/Copy-of-Postcard_Art-Event_frontHighRes-1536x1091.jpg 1536w, https:\/\/ziyagurel.com\/wp-content\/uploads\/2022\/12\/Copy-of-Postcard_Art-Event_frontHighRes-2048x1454.jpg 2048w, https:\/\/ziyagurel.com\/wp-content\/uploads\/2022\/12\/Copy-of-Postcard_Art-Event_frontHighRes-85x60.jpg 85w\" sizes=\"(max-width: 413px) 100vw, 413px\" \/>T\u00fcrkiye\u2019nin \u00f6nemli ressamlar\u0131nda Ziya G\u00fcrel, ABD\u2019deki \u00fc\u00e7\u00fcnc\u00fc ki\u015fisel sergisini Maryland eyaletinin idari merkezi Annapolis\u2019te a\u00e7t\u0131.<\/p>\n<p>Annapolis Belediyesi\u2019nin ev sahipli\u011findeki sergi, ge\u00e7en y\u0131l kentin yerel gazetesi Capital\u2019e d\u00fczenlenen silahl\u0131 sald\u0131r\u0131da hayat\u0131n\u0131 kaybeden yazar Wendi Winters\u2019\u0131n an\u0131s\u0131na ithaf edildi.<\/p>\n<p>Annapolis Belediye binas\u0131ndaki serginin a\u00e7\u0131l\u0131\u015f resepsiyonuna Winters\u2019\u0131n k\u0131z karde\u015fi Dana Winters, Maryland Eyaleti D\u0131\u015fi\u015fleri Bakan Yard\u0131mc\u0131s\u0131 Luis Borunda, Maryland Eyaleti Senat\u00f6r\u00fc Sarah Elfreth ve Annapolis Belediyesi Ba\u015fkan Yard\u0131mc\u0131s\u0131 William Rowel\u2019\u0131n yan\u0131 s\u0131ra \u00e7ok say\u0131da davetli kat\u0131ld\u0131.<\/p>\n<p>Gazetedeki g\u00f6revi ba\u015f\u0131ndayken cinayete kurban giden 65 ya\u015f\u0131ndaki Wendi Winters, \u00e7ocukluk y\u0131llar\u0131n\u0131 babas\u0131n\u0131n i\u015fi dolay\u0131s\u0131yla \u0130stanbul\u2019da ge\u00e7irmi\u015f bir gazeteciydi. Winters\u2019\u0131n k\u00fclleri \u00f6l\u00fcm\u00fcnden sonra vasiyeti do\u011frultusunda \u00e7ok sevdi\u011fi Emirgan Park\u0131\u2019na serpildi.<\/p>\n<p>Sanat\u00e7\u0131n\u0131n k\u0131z\u0131 Deniz Karata\u015f, gazeteci Wendi Winters ile silahl\u0131 sald\u0131r\u0131dan 20 dakika \u00f6nce aralar\u0131nda ge\u00e7en diyalo\u011fu ve Winters\u2019\u0131n \u0130stanbul sevgisini VOA T\u00fcrk\u00e7e\u2019ye anlatt\u0131.<\/p>\n<p>T\u00fcrkiye\u2019de ve d\u00fcnyan\u0131n \u00e7e\u015fitli \u00fclkelerinde 33 ki\u015fisel sergiye imza atan ressam Ziya G\u00fcrel, \u0130stanbul ve Ege k\u0131y\u0131lar\u0131ndan ald\u0131\u011f\u0131 ilhamla hayal ve ger\u00e7e\u011fin i\u00e7 i\u00e7e ge\u00e7ti\u011fi kar\u0131\u015f\u0131k teknik eserleriyle tan\u0131n\u0131yor.<\/p>\n<p>Haberin tamam\u0131 i\u00e7in <strong><a href=\"https:\/\/www.voaturkce.com\/a\/turk-ressamdan-turkiye-dostu-amerikali-gazeteci-anisina-sergi\/4901051.html\">t\u0131klay\u0131n<\/a><\/strong>.<\/p>\n","protected":false},"excerpt":{"rendered":"<p>S\u00f6zc\u00fc Kurumlar \u00e7\u00f6kertiliyor, kural d\u0131\u015f\u0131l\u0131k kan\u0131ksan\u0131yor, ya\u015fam elimizden gidiyor D\u00fcnyaca \u00fcnl\u00fc resim ve heykel sanat\u00e7\u0131m\u0131z Ziya G\u00fcrel, k\u00fcresel salg\u0131ndan 2 y\u0131l \u00f6nce \u201cHi\u00e7bir \u015fey eskisi gibi olmayacak\u201d duygusu ile tan\u0131\u015ft\u0131\u011f\u0131n\u0131 kaydetti. \u201cUygarl\u0131k yolunda edindi\u011fimiz, toplumca payla\u015ft\u0131\u011f\u0131m\u0131z her \u015fey, elimizden gidiyor\u201d dedi. LAT\u0130F SANS\u00dcR 09 May\u0131s 2021\u00a0 Ziya G\u00fcrel, \u00e7ok y\u00f6nl\u00fc bir sanat\u00e7\u0131\u2026 Ayd\u0131n Ku\u015fadas\u0131&#8217;ndaki at\u00f6lyesinde yaz\u0131n seramik ve resim \u00e7al\u0131\u015fmalar\u0131n\u0131 s\u00fcrd\u00fcr\u00fcyor, g\u00f6rsel d\u00fc\u015f\u00fcnce ve plastik sanatlar konusundaki denemeleri, \u00f6yk\u00fcleri, gezi notlar\u0131 T\u00fcrkiye&#8217;nin \u00f6nde gelen sanat dergilerinde, gazetelerinde yay\u0131mlan\u0131yor. &nbsp; G\u00fcrel, 32 ki\u015fisel sergi a\u00e7t\u0131, 38 karma sergi ve etkinli\u011fe kat\u0131ld\u0131. Yap\u0131tlar\u0131 \u00fclkemizde, \u0130svi\u00e7re,\u00a0\u0130ngiltere, Almanya, Bel\u00e7ika, ABD ve Meksika&#8217;da \u00f6zel koleksiyonlarda; &hellip; <\/p>\n","protected":false},"author":1,"featured_media":0,"parent":0,"menu_order":0,"comment_status":"closed","ping_status":"closed","template":"","meta":{"_monsterinsights_skip_tracking":false,"_monsterinsights_sitenote_active":false,"_monsterinsights_sitenote_note":"","_monsterinsights_sitenote_category":0,"footnotes":""},"class_list":["post-913","page","type-page","status-publish","hentry"],"_links":{"self":[{"href":"https:\/\/ziyagurel.com\/index.php\/wp-json\/wp\/v2\/pages\/913","targetHints":{"allow":["GET"]}}],"collection":[{"href":"https:\/\/ziyagurel.com\/index.php\/wp-json\/wp\/v2\/pages"}],"about":[{"href":"https:\/\/ziyagurel.com\/index.php\/wp-json\/wp\/v2\/types\/page"}],"author":[{"embeddable":true,"href":"https:\/\/ziyagurel.com\/index.php\/wp-json\/wp\/v2\/users\/1"}],"replies":[{"embeddable":true,"href":"https:\/\/ziyagurel.com\/index.php\/wp-json\/wp\/v2\/comments?post=913"}],"version-history":[{"count":17,"href":"https:\/\/ziyagurel.com\/index.php\/wp-json\/wp\/v2\/pages\/913\/revisions"}],"predecessor-version":[{"id":933,"href":"https:\/\/ziyagurel.com\/index.php\/wp-json\/wp\/v2\/pages\/913\/revisions\/933"}],"wp:attachment":[{"href":"https:\/\/ziyagurel.com\/index.php\/wp-json\/wp\/v2\/media?parent=913"}],"curies":[{"name":"wp","href":"https:\/\/api.w.org\/{rel}","templated":true}]}}